{"id":688,"date":"2019-04-19T18:16:40","date_gmt":"2019-04-19T16:16:40","guid":{"rendered":"https:\/\/inteliza.com\/?page_id=688"},"modified":"2020-09-21T15:21:12","modified_gmt":"2020-09-21T13:21:12","slug":"fejlesztok","status":"publish","type":"page","link":"https:\/\/inteliza.com\/hu\/fejlesztok\/","title":{"rendered":"Fejleszt\u0151 csapatunk"},"content":{"rendered":"<p>20 \u00e9ves m\u00falttal rendelkez\u00fcnk az online szoftverek fejleszt\u00e9se \u00e9s a digit\u00e1lis marketing kivitelez\u00e9s ter\u00fclet\u00e9n. T\u00f6bb, mint 200 szakemberrel dolgoztunk egy\u00fctt, minden \u00e9vben nagyjb\u00f3l 40 tervez\u0151t, programoz\u00f3t, vagy filmes koll\u00e9g\u00e1t mozgatunk meg. Ett\u0151l f\u00fcggetlen\u00fcl igyeksz\u00fcnk alacsony l\u00e9tsz\u00e1m\u00fa menedzsmenttel \u00e9s fejleszt\u0151csapattal m\u0171k\u00f6dni, \u00edgy tudunk annyira rugalmasak lenni, amennyire a projektek is megk\u00f6vetelik, hiszen minden projekthez k\u00fcl\u00f6nb\u00f6z\u0151 \u00f6sszet\u00e9tel\u0171 csapatra van sz\u00fcks\u00e9g, att\u00f3l f\u00fcgg\u0151en, hogy ink\u00e1bb a kreat\u00edv-ipari gy\u00e1rt\u00e1s vagy a szoftverfejleszt\u00e9s a feladat hangs\u00falyosabb r\u00e9sze. A sz\u0171kebb \u00e1lland\u00f3 csapatban 6-8-10 \u00e9ve vel\u00fcnk tart\u00f3 munkat\u00e1rsaink seg\u00edtenek egyben tartani a legk\u00fcl\u00f6nb\u00f6z\u0151bb projekteket. A c\u00e9ggel munkat\u00e1rsai \u00e9s a munka, amit egy\u00fctt elv\u00e9gezt\u00fcnk, a legfontosabb er\u0151forr\u00e1saink.<\/p>\n","protected":false},"excerpt":{"rendered":"<p>20 \u00e9ves m\u00falttal rendelkez\u00fcnk az online szoftverek fejleszt\u00e9se \u00e9s a digit\u00e1lis marketing kivitelez\u00e9s ter\u00fclet\u00e9n. T\u00f6bb, mint 200 szakemberrel dolgoztunk egy\u00fctt, minden \u00e9vben nagyjb\u00f3l 40 tervez\u0151t, programoz\u00f3t, vagy filmes koll\u00e9g\u00e1t mozgatunk meg. Ett\u0151l f\u00fcggetlen\u00fcl igyeksz\u00fcnk alacsony l\u00e9tsz\u00e1m\u00fa menedzsmenttel \u00e9s fejleszt\u0151csapattal m\u0171k\u00f6dni, \u00edgy tudunk annyira rugalmasak lenni, amennyire a projektek is megk\u00f6vetelik, hiszen minden projekthez k\u00fcl\u00f6nb\u00f6z\u0151 \u00f6sszet\u00e9tel\u0171 [&hellip;]<\/p>\n","protected":false},"author":1,"featured_media":0,"parent":0,"menu_order":7,"comment_status":"closed","ping_status":"closed","template":"page-templates\/page-our-team.php","meta":{"_acf_changed":false,"footnotes":""},"tags":[],"class_list":["post-688","page","type-page","status-publish","hentry"],"acf":[],"_links":{"self":[{"href":"https:\/\/inteliza.com\/hu\/wp-json\/wp\/v2\/pages\/688","targetHints":{"allow":["GET"]}}],"collection":[{"href":"https:\/\/inteliza.com\/hu\/wp-json\/wp\/v2\/pages"}],"about":[{"href":"https:\/\/inteliza.com\/hu\/wp-json\/wp\/v2\/types\/page"}],"author":[{"embeddable":true,"href":"https:\/\/inteliza.com\/hu\/wp-json\/wp\/v2\/users\/1"}],"replies":[{"embeddable":true,"href":"https:\/\/inteliza.com\/hu\/wp-json\/wp\/v2\/comments?post=688"}],"version-history":[{"count":12,"href":"https:\/\/inteliza.com\/hu\/wp-json\/wp\/v2\/pages\/688\/revisions"}],"predecessor-version":[{"id":1317,"href":"https:\/\/inteliza.com\/hu\/wp-json\/wp\/v2\/pages\/688\/revisions\/1317"}],"wp:attachment":[{"href":"https:\/\/inteliza.com\/hu\/wp-json\/wp\/v2\/media?parent=688"}],"wp:term":[{"taxonomy":"post_tag","embeddable":true,"href":"https:\/\/inteliza.com\/hu\/wp-json\/wp\/v2\/tags?post=688"}],"curies":[{"name":"wp","href":"https:\/\/api.w.org\/{rel}","templated":true}]}}