{"id":682,"date":"2019-04-19T18:12:22","date_gmt":"2019-04-19T16:12:22","guid":{"rendered":"https:\/\/inteliza.com\/?page_id=682"},"modified":"2019-04-22T16:02:05","modified_gmt":"2019-04-22T14:02:05","slug":"ugyfeleink","status":"publish","type":"page","link":"https:\/\/inteliza.com\/hu\/ugyfeleink\/","title":{"rendered":"\u00dcgyfeleink"},"content":{"rendered":"<p>Az online fejleszt\u00e9sben elt\u00f6lt\u00f6tt t\u00f6bb, mint 20 \u00e9v alatt 200 \u00fcgyf\u00e9llel 500-n\u00e1l t\u00f6bb projektet z\u00e1rtunk le. B\u00fcszk\u00e9n \u00e1ll\u00edtjuk, hogy \u00e9rt\u00fcnk ahhoz, amivel foglalkozunk, a c\u00e9g sok \u00e9ve \u00e9rhet\u0151 el \u00e9s k\u00e9rhet\u0151 sz\u00e1mon a piacon, \u00e9s munkat\u00e1rsaink k\u00f6z\u00fcl is t\u00f6bben 6, 8 vagy ak\u00e1r 10 \u00e9ve tartanak m\u00e1r a csapattal. Sz\u00e1mos \u00fcgyfel\u00fcnket az teszi \u00e9rt\u00e9kess\u00e9, hogy olyan digit\u00e1lis kih\u00edv\u00e1sokon dolgozhattunk egy\u00fctt, amelyeknek k\u00f6sz\u00f6nhet\u0151en a munk\u00e1nk inspir\u00e1l\u00f3, \u00e9s v\u00e1ltozatos marad.<\/p>\n","protected":false},"excerpt":{"rendered":"<p>Az online fejleszt\u00e9sben elt\u00f6lt\u00f6tt t\u00f6bb, mint 20 \u00e9v alatt 200 \u00fcgyf\u00e9llel 500-n\u00e1l t\u00f6bb projektet z\u00e1rtunk le. B\u00fcszk\u00e9n \u00e1ll\u00edtjuk, hogy \u00e9rt\u00fcnk ahhoz, amivel foglalkozunk, a c\u00e9g sok \u00e9ve \u00e9rhet\u0151 el \u00e9s k\u00e9rhet\u0151 sz\u00e1mon a piacon, \u00e9s munkat\u00e1rsaink k\u00f6z\u00fcl is t\u00f6bben 6, 8 vagy ak\u00e1r 10 \u00e9ve tartanak m\u00e1r a csapattal. Sz\u00e1mos \u00fcgyfel\u00fcnket az teszi \u00e9rt\u00e9kess\u00e9, hogy [&hellip;]<\/p>\n","protected":false},"author":1,"featured_media":0,"parent":0,"menu_order":4,"comment_status":"closed","ping_status":"closed","template":"page-templates\/page-our-customers.php","meta":{"_acf_changed":false,"footnotes":""},"tags":[],"class_list":["post-682","page","type-page","status-publish","hentry"],"acf":[],"_links":{"self":[{"href":"https:\/\/inteliza.com\/hu\/wp-json\/wp\/v2\/pages\/682","targetHints":{"allow":["GET"]}}],"collection":[{"href":"https:\/\/inteliza.com\/hu\/wp-json\/wp\/v2\/pages"}],"about":[{"href":"https:\/\/inteliza.com\/hu\/wp-json\/wp\/v2\/types\/page"}],"author":[{"embeddable":true,"href":"https:\/\/inteliza.com\/hu\/wp-json\/wp\/v2\/users\/1"}],"replies":[{"embeddable":true,"href":"https:\/\/inteliza.com\/hu\/wp-json\/wp\/v2\/comments?post=682"}],"version-history":[{"count":9,"href":"https:\/\/inteliza.com\/hu\/wp-json\/wp\/v2\/pages\/682\/revisions"}],"predecessor-version":[{"id":744,"href":"https:\/\/inteliza.com\/hu\/wp-json\/wp\/v2\/pages\/682\/revisions\/744"}],"wp:attachment":[{"href":"https:\/\/inteliza.com\/hu\/wp-json\/wp\/v2\/media?parent=682"}],"wp:term":[{"taxonomy":"post_tag","embeddable":true,"href":"https:\/\/inteliza.com\/hu\/wp-json\/wp\/v2\/tags?post=682"}],"curies":[{"name":"wp","href":"https:\/\/api.w.org\/{rel}","templated":true}]}}