{"id":633,"date":"2019-04-18T14:48:08","date_gmt":"2019-04-18T12:48:08","guid":{"rendered":"https:\/\/inteliza.com\/?page_id=633"},"modified":"2019-04-18T14:48:52","modified_gmt":"2019-04-18T12:48:52","slug":"kerdes","status":"publish","type":"page","link":"https:\/\/inteliza.com\/hu\/kerdes\/","title":{"rendered":"Tegye fel k\u00e9rd\u00e9s\u00e9t!"},"content":{"rendered":"<p>Minden elk\u00f6telezetts\u00e9g n\u00e9lk\u00fcl &#8211; \u00d6n k\u00e9rdez, mi v\u00e1laszolunk. K\u00fcldje el k\u00e9rd\u00e9s\u00e9t \u00e9s b\u00e1rmilyen e-mail c\u00edmet, ahov\u00e1 v\u00e1laszolhatunk; nincs sz\u00fcks\u00e9g c\u00e9gadatok, n\u00e9v, vagy weboldal megad\u00e1s\u00e1ra. Igyeksz\u00fcnk gyorsan, mindenre nyitottan, alaposan, de l\u00e9nyegre t\u00f6r\u0151en v\u00e1laszolni, an\u00e9lk\u00fcl, hogy a r\u00e9szletekben elveszn\u00e9nk. K\u00e9rj\u00fck, honlapunk \u0171rlapjainak kit\u00f6lt\u00e9se el\u0151tt fussa \u00e1t Adatkezel\u00e9s \u00e9s GDPR aloldalunkat!\u00a0\n<div class=\"wpcf7 no-js\" id=\"wpcf7-f248-o1\" lang=\"hu-HU\" dir=\"ltr\" data-wpcf7-id=\"248\">\n<div class=\"screen-reader-response\"><p role=\"status\" aria-live=\"polite\" aria-atomic=\"true\"><\/p> <ul><\/ul><\/div>\n<form action=\"\/hu\/wp-json\/wp\/v2\/pages\/633#wpcf7-f248-o1\" method=\"post\" class=\"wpcf7-form init\" aria-label=\"Kapcsolatfelv\u00e9teli \u0171rlap\" novalidate=\"novalidate\" data-status=\"init\">\n<fieldset class=\"hidden-fields-container\"><input type=\"hidden\" name=\"_wpcf7\" value=\"248\" \/><input type=\"hidden\" name=\"_wpcf7_version\" value=\"6.1.1\" \/><input type=\"hidden\" name=\"_wpcf7_locale\" value=\"hu_HU\" \/><input type=\"hidden\" name=\"_wpcf7_unit_tag\" value=\"wpcf7-f248-o1\" \/><input type=\"hidden\" name=\"_wpcf7_container_post\" value=\"0\" \/><input type=\"hidden\" name=\"_wpcf7_posted_data_hash\" value=\"\" \/><input type=\"hidden\" name=\"_wpcf7_recaptcha_response\" value=\"\" \/>\n<\/fieldset>\n<div class=\"row\">\n\t<div class=\"col-md-4\">\n\t\t<p><label>Email*<\/label>\n\t\t<\/p>\n\t<\/div>\n\t<div class=\"col-md-8\">\n\t\t<p><span class=\"wpcf7-form-control-wrap\" data-name=\"your-email\"><input size=\"40\" maxlength=\"400\" class=\"wpcf7-form-control wpcf7-email wpcf7-validates-as-required wpcf7-text wpcf7-validates-as-email\" aria-required=\"true\" aria-invalid=\"false\" value=\"\" type=\"email\" name=\"your-email\" \/><\/span>\n\t\t<\/p>\n\t<\/div>\n<\/div>\n<div class=\"row\">\n\t<div class=\"col-md-4\">\n\t\t<p><label>Your question<\/label>\n\t\t<\/p>\n\t<\/div>\n\t<div class=\"col-md-8\">\n\t\t<p><span class=\"wpcf7-form-control-wrap\" data-name=\"your-message\"><textarea cols=\"40\" rows=\"10\" maxlength=\"2000\" class=\"wpcf7-form-control wpcf7-textarea\" aria-invalid=\"false\" name=\"your-message\"><\/textarea><\/span>\n\t\t<\/p>\n\t<\/div>\n<\/div>\n<div class=\"row\">\n\t<div class=\"col-md-4\">\n\t\t<p>&nbsp;\n\t\t<\/p>\n\t<\/div>\n\t<div class=\"col-md-8\">\n\t\t<p><input class=\"wpcf7-form-control wpcf7-submit has-spinner\" type=\"submit\" value=\"Send\" \/>\n\t\t<\/p>\n\t<\/div>\n<\/div><div class=\"wpcf7-response-output\" aria-hidden=\"true\"><\/div>\n<\/form>\n<\/div>\n<\/p>\n","protected":false},"excerpt":{"rendered":"<p>Minden elk\u00f6telezetts\u00e9g n\u00e9lk\u00fcl &#8211; \u00d6n k\u00e9rdez, mi v\u00e1laszolunk. K\u00fcldje el k\u00e9rd\u00e9s\u00e9t \u00e9s b\u00e1rmilyen e-mail c\u00edmet, ahov\u00e1 v\u00e1laszolhatunk; nincs sz\u00fcks\u00e9g c\u00e9gadatok, n\u00e9v, vagy weboldal megad\u00e1s\u00e1ra. Igyeksz\u00fcnk gyorsan, mindenre nyitottan, alaposan, de l\u00e9nyegre t\u00f6r\u0151en v\u00e1laszolni, an\u00e9lk\u00fcl, hogy a r\u00e9szletekben elveszn\u00e9nk. K\u00e9rj\u00fck, honlapunk \u0171rlapjainak kit\u00f6lt\u00e9se el\u0151tt fussa \u00e1t Adatkezel\u00e9s \u00e9s GDPR aloldalunkat!\u00a0<\/p>\n","protected":false},"author":1,"featured_media":0,"parent":0,"menu_order":9,"comment_status":"closed","ping_status":"closed","template":"","meta":{"_acf_changed":false,"footnotes":""},"tags":[],"class_list":["post-633","page","type-page","status-publish","hentry"],"acf":[],"_links":{"self":[{"href":"https:\/\/inteliza.com\/hu\/wp-json\/wp\/v2\/pages\/633","targetHints":{"allow":["GET"]}}],"collection":[{"href":"https:\/\/inteliza.com\/hu\/wp-json\/wp\/v2\/pages"}],"about":[{"href":"https:\/\/inteliza.com\/hu\/wp-json\/wp\/v2\/types\/page"}],"author":[{"embeddable":true,"href":"https:\/\/inteliza.com\/hu\/wp-json\/wp\/v2\/users\/1"}],"replies":[{"embeddable":true,"href":"https:\/\/inteliza.com\/hu\/wp-json\/wp\/v2\/comments?post=633"}],"version-history":[{"count":4,"href":"https:\/\/inteliza.com\/hu\/wp-json\/wp\/v2\/pages\/633\/revisions"}],"predecessor-version":[{"id":645,"href":"https:\/\/inteliza.com\/hu\/wp-json\/wp\/v2\/pages\/633\/revisions\/645"}],"wp:attachment":[{"href":"https:\/\/inteliza.com\/hu\/wp-json\/wp\/v2\/media?parent=633"}],"wp:term":[{"taxonomy":"post_tag","embeddable":true,"href":"https:\/\/inteliza.com\/hu\/wp-json\/wp\/v2\/tags?post=633"}],"curies":[{"name":"wp","href":"https:\/\/api.w.org\/{rel}","templated":true}]}}