{"id":620,"date":"2019-04-18T11:45:34","date_gmt":"2019-04-18T09:45:34","guid":{"rendered":"https:\/\/inteliza.com\/?page_id=620"},"modified":"2019-04-20T14:40:59","modified_gmt":"2019-04-20T12:40:59","slug":"applikaciok","status":"publish","type":"page","link":"https:\/\/inteliza.com\/hu\/applikaciok\/","title":{"rendered":"Applik\u00e1ci\u00f3 fejleszt\u00e9s"},"content":{"rendered":"<p>Az asztali- \u00e9s k\u00e9s\u0151bb online szoftverek fejleszt\u00e9se mellett 2011-ben kezdt\u00fcnk el el\u0151bb iOS mobil-applik\u00e1ci\u00f3k k\u00e9sz\u00edt\u00e9s\u00e9vel, majd 2013 ut\u00e1n Androiddal foglalkozni. Nat\u00edv applik\u00e1ci\u00f3kat \u00e9p\u00edt\u00fcnk, sz\u00fcks\u00e9g eset\u00e9n az apphoz kapcsol\u00f3d\u00f3 weboldallal, vagy h\u00e1tt\u00e9r API-val. Ennek megfelel\u0151en t\u00f6bb alkalmaz\u00e1sunk tartalma weboldalon kereszt\u00fcl \u00fczemeltethet\u0151, vagy ak\u00e1r publikus weboldal is tartozik hozz\u00e1, azonos funkcionalit\u00e1ssal. Els\u0151 teljes munkaid\u0151s iOS fejleszt\u0151nket 2015-ben vett\u00fck fel, \u00e9s Android h\u00e1tter\u00fcnk is \u00e9vek \u00f3ta megb\u00edzhat\u00f3. Egyszer\u0171 \u00e9s \u00f6sszetett programokat is tervezt\u00fcnk, intraneten m\u0171k\u00f6d\u0151 c\u00e9ges bels\u0151 alkalmaz\u00e1st\u00f3l rendezv\u00e9nyre sz\u00e1nt minij\u00e1t\u00e9kokon \u00e1t a t\u00f6bbplatformos, rest-API-val is rendelkez\u0151, App Store-b\u00f3l el\u00e9rhet\u0151 fizet\u0151s alkalmaz\u00e1sig. N\u00e9h\u00e1ny funkci\u00f3, amit m\u00e1r t\u00f6bb term\u00e9k\u00fcnkbe be\u00e9p\u00edtett\u00fcnk:<\/p>\n","protected":false},"excerpt":{"rendered":"<p>Az asztali- \u00e9s k\u00e9s\u0151bb online szoftverek fejleszt\u00e9se mellett 2011-ben kezdt\u00fcnk el el\u0151bb iOS mobil-applik\u00e1ci\u00f3k k\u00e9sz\u00edt\u00e9s\u00e9vel, majd 2013 ut\u00e1n Androiddal foglalkozni. Nat\u00edv applik\u00e1ci\u00f3kat \u00e9p\u00edt\u00fcnk, sz\u00fcks\u00e9g eset\u00e9n az apphoz kapcsol\u00f3d\u00f3 weboldallal, vagy h\u00e1tt\u00e9r API-val. Ennek megfelel\u0151en t\u00f6bb alkalmaz\u00e1sunk tartalma weboldalon kereszt\u00fcl \u00fczemeltethet\u0151, vagy ak\u00e1r publikus weboldal is tartozik hozz\u00e1, azonos funkcionalit\u00e1ssal. Els\u0151 teljes munkaid\u0151s iOS fejleszt\u0151nket 2015-ben [&hellip;]<\/p>\n","protected":false},"author":1,"featured_media":0,"parent":0,"menu_order":3,"comment_status":"closed","ping_status":"closed","template":"page-templates\/page-application-websites.php","meta":{"_acf_changed":false,"footnotes":""},"tags":[17,19,20,23],"class_list":["post-620","page","type-page","status-publish","hentry","tag-android-applikaciok","tag-ios-applikacio","tag-mobil-fejlesztes","tag-startup-otletek-leprogramozasa"],"acf":[],"_links":{"self":[{"href":"https:\/\/inteliza.com\/hu\/wp-json\/wp\/v2\/pages\/620","targetHints":{"allow":["GET"]}}],"collection":[{"href":"https:\/\/inteliza.com\/hu\/wp-json\/wp\/v2\/pages"}],"about":[{"href":"https:\/\/inteliza.com\/hu\/wp-json\/wp\/v2\/types\/page"}],"author":[{"embeddable":true,"href":"https:\/\/inteliza.com\/hu\/wp-json\/wp\/v2\/users\/1"}],"replies":[{"embeddable":true,"href":"https:\/\/inteliza.com\/hu\/wp-json\/wp\/v2\/comments?post=620"}],"version-history":[{"count":8,"href":"https:\/\/inteliza.com\/hu\/wp-json\/wp\/v2\/pages\/620\/revisions"}],"predecessor-version":[{"id":717,"href":"https:\/\/inteliza.com\/hu\/wp-json\/wp\/v2\/pages\/620\/revisions\/717"}],"wp:attachment":[{"href":"https:\/\/inteliza.com\/hu\/wp-json\/wp\/v2\/media?parent=620"}],"wp:term":[{"taxonomy":"post_tag","embeddable":true,"href":"https:\/\/inteliza.com\/hu\/wp-json\/wp\/v2\/tags?post=620"}],"curies":[{"name":"wp","href":"https:\/\/api.w.org\/{rel}","templated":true}]}}