{"id":592,"date":"2019-04-17T10:40:29","date_gmt":"2019-04-17T08:40:29","guid":{"rendered":"https:\/\/inteliza.com\/?page_id=592"},"modified":"2019-04-17T10:43:15","modified_gmt":"2019-04-17T08:43:15","slug":"brosura","status":"publish","type":"page","link":"https:\/\/inteliza.com\/hu\/brosura\/","title":{"rendered":"Bros\u00fara let\u00f6lt\u00e9se"},"content":{"rendered":"<p>Szeretn\u00e9 p\u00e1r nyomtathat\u00f3 oldalban \u00e1tlapozni, kik vagyunk? \u00dcgyfeleink \u00e9s orsz\u00e1gaik, r\u00f6vid t\u00f6rt\u00e9net\u00fcnk, szakter\u00fcleteink, munk\u00e1ink, el\u00e9rhet\u0151s\u00e9geink \u00e9s munkat\u00e1rsaink 11 oldalas \u00f6sszefoglal\u00f3ja egy PDF f\u00e1jlban tal\u00e1lhat\u00f3 (6MB). K\u00e9rj\u00fck, \u00edrja be ide e-mail c\u00edm\u00e9t &#8211; nincs sz\u00fcks\u00e9g m\u00e1s adat megad\u00e1s\u00e1ra &#8211; \u00e9s a weboldal automatikusan elk\u00fcldi \u00d6nnek a f\u00e1jlt 2 percen bel\u00fcl. K\u00e9rj\u00fck, honlapunk \u0171rlapjainak kit\u00f6lt\u00e9se el\u0151tt fussa \u00e1t Adatkezel\u00e9s \u00e9s GDPR aloldalunkat! \n<div class=\"wpcf7 no-js\" id=\"wpcf7-f499-o1\" lang=\"en-US\" dir=\"ltr\" data-wpcf7-id=\"499\">\n<div class=\"screen-reader-response\"><p role=\"status\" aria-live=\"polite\" aria-atomic=\"true\"><\/p> <ul><\/ul><\/div>\n<form action=\"\/hu\/wp-json\/wp\/v2\/pages\/592#wpcf7-f499-o1\" method=\"post\" class=\"wpcf7-form init\" aria-label=\"Contact form\" novalidate=\"novalidate\" data-status=\"init\">\n<fieldset class=\"hidden-fields-container\"><input type=\"hidden\" name=\"_wpcf7\" value=\"499\" \/><input type=\"hidden\" name=\"_wpcf7_version\" value=\"6.1.1\" \/><input type=\"hidden\" name=\"_wpcf7_locale\" value=\"en_US\" \/><input type=\"hidden\" name=\"_wpcf7_unit_tag\" value=\"wpcf7-f499-o1\" \/><input type=\"hidden\" name=\"_wpcf7_container_post\" value=\"0\" \/><input type=\"hidden\" name=\"_wpcf7_posted_data_hash\" value=\"\" \/><input type=\"hidden\" name=\"_wpcf7_recaptcha_response\" value=\"\" \/>\n<\/fieldset>\n<div class=\"row\">\n\t<div class=\"col-md-4\">\n\t\t<p><label>Email*<\/label>\n\t\t<\/p>\n\t<\/div>\n\t<div class=\"col-md-8\">\n\t\t<p><span class=\"wpcf7-form-control-wrap\" data-name=\"your-email\"><input size=\"40\" maxlength=\"400\" class=\"wpcf7-form-control wpcf7-email wpcf7-validates-as-required wpcf7-text wpcf7-validates-as-email\" aria-required=\"true\" aria-invalid=\"false\" value=\"\" type=\"email\" name=\"your-email\" \/><\/span>\n\t\t<\/p>\n\t<\/div>\n<\/div>\n<div class=\"row\">\n\t<div class=\"col-md-4\">\n\t\t<p>&nbsp;\n\t\t<\/p>\n\t<\/div>\n\t<div class=\"col-md-8\">\n\t\t<p><input class=\"wpcf7-form-control wpcf7-submit has-spinner\" type=\"submit\" value=\"Send\" \/>\n\t\t<\/p>\n\t<\/div>\n<\/div><div class=\"wpcf7-response-output\" aria-hidden=\"true\"><\/div>\n<\/form>\n<\/div>\n<\/p>\n","protected":false},"excerpt":{"rendered":"<p>Szeretn\u00e9 p\u00e1r nyomtathat\u00f3 oldalban \u00e1tlapozni, kik vagyunk? \u00dcgyfeleink \u00e9s orsz\u00e1gaik, r\u00f6vid t\u00f6rt\u00e9net\u00fcnk, szakter\u00fcleteink, munk\u00e1ink, el\u00e9rhet\u0151s\u00e9geink \u00e9s munkat\u00e1rsaink 11 oldalas \u00f6sszefoglal\u00f3ja egy PDF f\u00e1jlban tal\u00e1lhat\u00f3 (6MB). K\u00e9rj\u00fck, \u00edrja be ide e-mail c\u00edm\u00e9t &#8211; nincs sz\u00fcks\u00e9g m\u00e1s adat megad\u00e1s\u00e1ra &#8211; \u00e9s a weboldal automatikusan elk\u00fcldi \u00d6nnek a f\u00e1jlt 2 percen bel\u00fcl. K\u00e9rj\u00fck, honlapunk \u0171rlapjainak kit\u00f6lt\u00e9se el\u0151tt fussa [&hellip;]<\/p>\n","protected":false},"author":1,"featured_media":0,"parent":0,"menu_order":0,"comment_status":"closed","ping_status":"closed","template":"","meta":{"_acf_changed":false,"footnotes":""},"class_list":["post-592","page","type-page","status-publish","hentry"],"acf":[],"_links":{"self":[{"href":"https:\/\/inteliza.com\/hu\/wp-json\/wp\/v2\/pages\/592","targetHints":{"allow":["GET"]}}],"collection":[{"href":"https:\/\/inteliza.com\/hu\/wp-json\/wp\/v2\/pages"}],"about":[{"href":"https:\/\/inteliza.com\/hu\/wp-json\/wp\/v2\/types\/page"}],"author":[{"embeddable":true,"href":"https:\/\/inteliza.com\/hu\/wp-json\/wp\/v2\/users\/1"}],"replies":[{"embeddable":true,"href":"https:\/\/inteliza.com\/hu\/wp-json\/wp\/v2\/comments?post=592"}],"version-history":[{"count":2,"href":"https:\/\/inteliza.com\/hu\/wp-json\/wp\/v2\/pages\/592\/revisions"}],"predecessor-version":[{"id":594,"href":"https:\/\/inteliza.com\/hu\/wp-json\/wp\/v2\/pages\/592\/revisions\/594"}],"wp:attachment":[{"href":"https:\/\/inteliza.com\/hu\/wp-json\/wp\/v2\/media?parent=592"}],"curies":[{"name":"wp","href":"https:\/\/api.w.org\/{rel}","templated":true}]}}