{"id":964,"date":"2019-05-14T21:11:47","date_gmt":"2019-05-14T19:11:47","guid":{"rendered":"https:\/\/inteliza.com\/?page_id=964"},"modified":"2019-05-15T21:44:54","modified_gmt":"2019-05-15T19:44:54","slug":"regardez-notre-brochure","status":"publish","type":"page","link":"https:\/\/inteliza.com\/fr\/regardez-notre-brochure\/","title":{"rendered":"Regardez notre brochure"},"content":{"rendered":"<p>Voulez-vous un copie papier de qui nous sommes? Les clients, l&rsquo;historique, les pays d&rsquo;op\u00e9ration, les domaines d&rsquo;expertise, les contacts, les informations sur l&rsquo;\u00e9quipe et quelques exemples ont \u00e9t\u00e9 convertis en un fichier PDF de 11 pages (6 Mb). Veuillez envoyer votre adresse e-mail &#8211; pas de donn\u00e9es suppl\u00e9mentaires n\u00e9cessaires &#8211; et une automatisation vous enverra le fichier dans 2 minutes. Veuillez consulter notre <a href=\"https:\/\/inteliza.com\/fr\/gdpr\/\" target=\"_blank\">page Politique de confidentialit\u00e9 et GDPR<\/a> avant de soumettre des formulaires. \n<div class=\"wpcf7 no-js\" id=\"wpcf7-f1016-o1\" lang=\"en-US\" dir=\"ltr\" data-wpcf7-id=\"1016\">\n<div class=\"screen-reader-response\"><p role=\"status\" aria-live=\"polite\" aria-atomic=\"true\"><\/p> <ul><\/ul><\/div>\n<form action=\"\/fr\/wp-json\/wp\/v2\/pages\/964#wpcf7-f1016-o1\" method=\"post\" class=\"wpcf7-form init\" aria-label=\"Contact form\" novalidate=\"novalidate\" data-status=\"init\">\n<fieldset class=\"hidden-fields-container\"><input type=\"hidden\" name=\"_wpcf7\" value=\"1016\" \/><input type=\"hidden\" name=\"_wpcf7_version\" value=\"6.1.1\" \/><input type=\"hidden\" name=\"_wpcf7_locale\" value=\"en_US\" \/><input type=\"hidden\" name=\"_wpcf7_unit_tag\" value=\"wpcf7-f1016-o1\" \/><input type=\"hidden\" name=\"_wpcf7_container_post\" value=\"0\" \/><input type=\"hidden\" name=\"_wpcf7_posted_data_hash\" value=\"\" \/><input type=\"hidden\" name=\"_wpcf7_recaptcha_response\" value=\"\" \/>\n<\/fieldset>\n<div class=\"row\">\n\t<div class=\"col-md-4\">\n\t\t<p><label>Email*<\/label>\n\t\t<\/p>\n\t<\/div>\n\t<div class=\"col-md-8\">\n\t\t<p><span class=\"wpcf7-form-control-wrap\" data-name=\"your-email\"><input size=\"40\" maxlength=\"400\" class=\"wpcf7-form-control wpcf7-email wpcf7-validates-as-required wpcf7-text wpcf7-validates-as-email\" aria-required=\"true\" aria-invalid=\"false\" value=\"\" type=\"email\" name=\"your-email\" \/><\/span>\n\t\t<\/p>\n\t<\/div>\n<\/div>\n<div class=\"row\">\n\t<div class=\"col-md-4\">\n\t\t<p>&nbsp;\n\t\t<\/p>\n\t<\/div>\n\t<div class=\"col-md-8\">\n\t\t<p><input class=\"wpcf7-form-control wpcf7-submit has-spinner\" type=\"submit\" value=\"Send\" \/>\n\t\t<\/p>\n\t<\/div>\n<\/div><div class=\"wpcf7-response-output\" aria-hidden=\"true\"><\/div>\n<\/form>\n<\/div>\n<\/p>\n","protected":false},"excerpt":{"rendered":"<p>Voulez-vous un copie papier de qui nous sommes? Les clients, l&rsquo;historique, les pays d&rsquo;op\u00e9ration, les domaines d&rsquo;expertise, les contacts, les informations sur l&rsquo;\u00e9quipe et quelques exemples ont \u00e9t\u00e9 convertis en un fichier PDF de 11 pages (6 Mb). Veuillez envoyer votre adresse e-mail &#8211; pas de donn\u00e9es suppl\u00e9mentaires n\u00e9cessaires &#8211; et une automatisation vous enverra [&hellip;]<\/p>\n","protected":false},"author":1,"featured_media":0,"parent":0,"menu_order":0,"comment_status":"closed","ping_status":"closed","template":"","meta":{"_acf_changed":false,"footnotes":""},"class_list":["post-964","page","type-page","status-publish","hentry"],"acf":[],"_links":{"self":[{"href":"https:\/\/inteliza.com\/fr\/wp-json\/wp\/v2\/pages\/964","targetHints":{"allow":["GET"]}}],"collection":[{"href":"https:\/\/inteliza.com\/fr\/wp-json\/wp\/v2\/pages"}],"about":[{"href":"https:\/\/inteliza.com\/fr\/wp-json\/wp\/v2\/types\/page"}],"author":[{"embeddable":true,"href":"https:\/\/inteliza.com\/fr\/wp-json\/wp\/v2\/users\/1"}],"replies":[{"embeddable":true,"href":"https:\/\/inteliza.com\/fr\/wp-json\/wp\/v2\/comments?post=964"}],"version-history":[{"count":4,"href":"https:\/\/inteliza.com\/fr\/wp-json\/wp\/v2\/pages\/964\/revisions"}],"predecessor-version":[{"id":1067,"href":"https:\/\/inteliza.com\/fr\/wp-json\/wp\/v2\/pages\/964\/revisions\/1067"}],"wp:attachment":[{"href":"https:\/\/inteliza.com\/fr\/wp-json\/wp\/v2\/media?parent=964"}],"curies":[{"name":"wp","href":"https:\/\/api.w.org\/{rel}","templated":true}]}}