{"id":960,"date":"2019-05-14T21:10:57","date_gmt":"2019-05-14T19:10:57","guid":{"rendered":"https:\/\/inteliza.com\/?page_id=960"},"modified":"2019-05-18T18:25:28","modified_gmt":"2019-05-18T16:25:28","slug":"envoyez-une-question","status":"publish","type":"page","link":"https:\/\/inteliza.com\/fr\/envoyez-une-question\/","title":{"rendered":"Envoyez une question"},"content":{"rendered":"<p>Aucune obligation- nous allons garder cela aussi simple qu&rsquo;il est. Envoyez-nous votre question, ainsi qu&rsquo;une adresse e-mail \u00e0 laquelle nous pourrons r\u00e9pondre, inutile de soumettre les informations sur la soci\u00e9t\u00e9, le nom ou le site Web. Nous essaierons d&rsquo;\u00eatre aussi ouverts que possible et de r\u00e9pondre \u00e0 votre demande dans un format court, sans rentrer dans les d\u00e9tails. Veuillez consulter notre <a href=\"https:\/\/inteliza.com\/fr\/gdpr\/\" target=\"_blank\" rel=\"noopener\">page Politique de confidentialit\u00e9 et GDPR<\/a> avant de soumettre des formulaires. \n<div class=\"wpcf7 no-js\" id=\"wpcf7-f1020-o1\" lang=\"hu-HU\" dir=\"ltr\" data-wpcf7-id=\"1020\">\n<div class=\"screen-reader-response\"><p role=\"status\" aria-live=\"polite\" aria-atomic=\"true\"><\/p> <ul><\/ul><\/div>\n<form action=\"\/fr\/wp-json\/wp\/v2\/pages\/960#wpcf7-f1020-o1\" method=\"post\" class=\"wpcf7-form init\" aria-label=\"Kapcsolatfelv\u00e9teli \u0171rlap\" novalidate=\"novalidate\" data-status=\"init\">\n<fieldset class=\"hidden-fields-container\"><input type=\"hidden\" name=\"_wpcf7\" value=\"1020\" \/><input type=\"hidden\" name=\"_wpcf7_version\" value=\"6.1.1\" \/><input type=\"hidden\" name=\"_wpcf7_locale\" value=\"hu_HU\" \/><input type=\"hidden\" name=\"_wpcf7_unit_tag\" value=\"wpcf7-f1020-o1\" \/><input type=\"hidden\" name=\"_wpcf7_container_post\" value=\"0\" \/><input type=\"hidden\" name=\"_wpcf7_posted_data_hash\" value=\"\" \/><input type=\"hidden\" name=\"_wpcf7_recaptcha_response\" value=\"\" \/>\n<\/fieldset>\n<div class=\"row\">\n\t<div class=\"col-md-4\">\n\t\t<p><label>Email*<\/label>\n\t\t<\/p>\n\t<\/div>\n\t<div class=\"col-md-8\">\n\t\t<p><span class=\"wpcf7-form-control-wrap\" data-name=\"your-email\"><input size=\"40\" maxlength=\"400\" class=\"wpcf7-form-control wpcf7-email wpcf7-validates-as-required wpcf7-text wpcf7-validates-as-email\" aria-required=\"true\" aria-invalid=\"false\" value=\"\" type=\"email\" name=\"your-email\" \/><\/span>\n\t\t<\/p>\n\t<\/div>\n<\/div>\n<div class=\"row\">\n\t<div class=\"col-md-4\">\n\t\t<p><label>Your question<\/label>\n\t\t<\/p>\n\t<\/div>\n\t<div class=\"col-md-8\">\n\t\t<p><span class=\"wpcf7-form-control-wrap\" data-name=\"your-message\"><textarea cols=\"40\" rows=\"10\" maxlength=\"2000\" class=\"wpcf7-form-control wpcf7-textarea\" aria-invalid=\"false\" name=\"your-message\"><\/textarea><\/span>\n\t\t<\/p>\n\t<\/div>\n<\/div>\n<div class=\"row\">\n\t<div class=\"col-md-4\">\n\t\t<p>&nbsp;\n\t\t<\/p>\n\t<\/div>\n\t<div class=\"col-md-8\">\n\t\t<p><input class=\"wpcf7-form-control wpcf7-submit has-spinner\" type=\"submit\" value=\"Send\" \/>\n\t\t<\/p>\n\t<\/div>\n<\/div><div class=\"wpcf7-response-output\" aria-hidden=\"true\"><\/div>\n<\/form>\n<\/div>\n<\/p>\n","protected":false},"excerpt":{"rendered":"<p>Aucune obligation- nous allons garder cela aussi simple qu&rsquo;il est. Envoyez-nous votre question, ainsi qu&rsquo;une adresse e-mail \u00e0 laquelle nous pourrons r\u00e9pondre, inutile de soumettre les informations sur la soci\u00e9t\u00e9, le nom ou le site Web. Nous essaierons d&rsquo;\u00eatre aussi ouverts que possible et de r\u00e9pondre \u00e0 votre demande dans un format court, sans rentrer [&hellip;]<\/p>\n","protected":false},"author":1,"featured_media":0,"parent":0,"menu_order":9,"comment_status":"closed","ping_status":"closed","template":"","meta":{"_acf_changed":false,"footnotes":""},"class_list":["post-960","page","type-page","status-publish","hentry"],"acf":[],"_links":{"self":[{"href":"https:\/\/inteliza.com\/fr\/wp-json\/wp\/v2\/pages\/960","targetHints":{"allow":["GET"]}}],"collection":[{"href":"https:\/\/inteliza.com\/fr\/wp-json\/wp\/v2\/pages"}],"about":[{"href":"https:\/\/inteliza.com\/fr\/wp-json\/wp\/v2\/types\/page"}],"author":[{"embeddable":true,"href":"https:\/\/inteliza.com\/fr\/wp-json\/wp\/v2\/users\/1"}],"replies":[{"embeddable":true,"href":"https:\/\/inteliza.com\/fr\/wp-json\/wp\/v2\/comments?post=960"}],"version-history":[{"count":6,"href":"https:\/\/inteliza.com\/fr\/wp-json\/wp\/v2\/pages\/960\/revisions"}],"predecessor-version":[{"id":1144,"href":"https:\/\/inteliza.com\/fr\/wp-json\/wp\/v2\/pages\/960\/revisions\/1144"}],"wp:attachment":[{"href":"https:\/\/inteliza.com\/fr\/wp-json\/wp\/v2\/media?parent=960"}],"curies":[{"name":"wp","href":"https:\/\/api.w.org\/{rel}","templated":true}]}}