{"id":951,"date":"2019-05-14T21:03:01","date_gmt":"2019-05-14T19:03:01","guid":{"rendered":"https:\/\/inteliza.com\/?page_id=951"},"modified":"2020-09-21T15:20:27","modified_gmt":"2020-09-21T13:20:27","slug":"equipe-de-developpeurs","status":"publish","type":"page","link":"https:\/\/inteliza.com\/fr\/equipe-de-developpeurs\/","title":{"rendered":"\u00c9quipe de d\u00e9veloppeurs"},"content":{"rendered":"<p>Nous avons plus de 20 ans d&rsquo;exp\u00e9rience dans le d\u00e9veloppement de logiciels et la production de marketing num\u00e9rique. Nous avons travaill\u00e9 avec plus de 200 grands professionnels et notre activit\u00e9 annuelle implique environ 40 designers, programmeurs ou membres d&rsquo;\u00e9quipes de production de films. Malgr\u00e9 tout, nous conservons une \u00e9quipe de base de d\u00e9veloppeurs et de gestionnaires, car nous sommes aussi flexibles que nos projets actuels, et nous mettons en place diff\u00e9rentes \u00e9quipes pour les projets, qu\u2019ils soient li\u00e9s au d\u00e9veloppement de logiciels ou au secteur de la cr\u00e9ation. Cette \u00e9quipe de base regroupe les personnes en qui nous faisons confiance depuis plus de 5 ans et nous aide \u00e0 maintenir ensemble tous nos projets. Les membres de notre \u00e9quipe et le travail que nous avons accompli ensemble sont nos atouts les plus pr\u00e9cieux.<\/p>\n","protected":false},"excerpt":{"rendered":"<p>Nous avons plus de 20 ans d&rsquo;exp\u00e9rience dans le d\u00e9veloppement de logiciels et la production de marketing num\u00e9rique. Nous avons travaill\u00e9 avec plus de 200 grands professionnels et notre activit\u00e9 annuelle implique environ 40 designers, programmeurs ou membres d&rsquo;\u00e9quipes de production de films. Malgr\u00e9 tout, nous conservons une \u00e9quipe de base de d\u00e9veloppeurs et de [&hellip;]<\/p>\n","protected":false},"author":1,"featured_media":0,"parent":0,"menu_order":7,"comment_status":"closed","ping_status":"closed","template":"page-templates\/page-our-team.php","meta":{"_acf_changed":false,"footnotes":""},"tags":[],"class_list":["post-951","page","type-page","status-publish","hentry"],"acf":[],"_links":{"self":[{"href":"https:\/\/inteliza.com\/fr\/wp-json\/wp\/v2\/pages\/951","targetHints":{"allow":["GET"]}}],"collection":[{"href":"https:\/\/inteliza.com\/fr\/wp-json\/wp\/v2\/pages"}],"about":[{"href":"https:\/\/inteliza.com\/fr\/wp-json\/wp\/v2\/types\/page"}],"author":[{"embeddable":true,"href":"https:\/\/inteliza.com\/fr\/wp-json\/wp\/v2\/users\/1"}],"replies":[{"embeddable":true,"href":"https:\/\/inteliza.com\/fr\/wp-json\/wp\/v2\/comments?post=951"}],"version-history":[{"count":12,"href":"https:\/\/inteliza.com\/fr\/wp-json\/wp\/v2\/pages\/951\/revisions"}],"predecessor-version":[{"id":1291,"href":"https:\/\/inteliza.com\/fr\/wp-json\/wp\/v2\/pages\/951\/revisions\/1291"}],"wp:attachment":[{"href":"https:\/\/inteliza.com\/fr\/wp-json\/wp\/v2\/media?parent=951"}],"wp:term":[{"taxonomy":"post_tag","embeddable":true,"href":"https:\/\/inteliza.com\/fr\/wp-json\/wp\/v2\/tags?post=951"}],"curies":[{"name":"wp","href":"https:\/\/api.w.org\/{rel}","templated":true}]}}