{"id":949,"date":"2019-05-14T21:02:10","date_gmt":"2019-05-14T19:02:10","guid":{"rendered":"https:\/\/inteliza.com\/?page_id=949"},"modified":"2019-05-18T19:34:40","modified_gmt":"2019-05-18T17:34:40","slug":"nos-clients","status":"publish","type":"page","link":"https:\/\/inteliza.com\/fr\/nos-clients\/","title":{"rendered":"Nos clients"},"content":{"rendered":"<p>Dans ce plus de 20 ans dans le business de d\u00e9veloppement en ligne, nous avons travaill\u00e9 avec 200 clients et achev\u00e9 pr\u00e8s de 500 projets. Nous sommes fiers de dire que nous savons ce que nous faisons et que nous sommes disponibles depuis un bon moment. Nombre de ces clients \u00e9taient d&rsquo;excellents partenaires, avec un grand d\u00e9fi num\u00e9rique que nous pouvions r\u00e9soudre ensemble.<\/p>\n","protected":false},"excerpt":{"rendered":"<p>Dans ce plus de 20 ans dans le business de d\u00e9veloppement en ligne, nous avons travaill\u00e9 avec 200 clients et achev\u00e9 pr\u00e8s de 500 projets. Nous sommes fiers de dire que nous savons ce que nous faisons et que nous sommes disponibles depuis un bon moment. Nombre de ces clients \u00e9taient d&rsquo;excellents partenaires, avec un [&hellip;]<\/p>\n","protected":false},"author":1,"featured_media":0,"parent":0,"menu_order":4,"comment_status":"closed","ping_status":"closed","template":"page-templates\/page-our-customers.php","meta":{"_acf_changed":false,"footnotes":""},"tags":[],"class_list":["post-949","page","type-page","status-publish","hentry"],"acf":[],"_links":{"self":[{"href":"https:\/\/inteliza.com\/fr\/wp-json\/wp\/v2\/pages\/949","targetHints":{"allow":["GET"]}}],"collection":[{"href":"https:\/\/inteliza.com\/fr\/wp-json\/wp\/v2\/pages"}],"about":[{"href":"https:\/\/inteliza.com\/fr\/wp-json\/wp\/v2\/types\/page"}],"author":[{"embeddable":true,"href":"https:\/\/inteliza.com\/fr\/wp-json\/wp\/v2\/users\/1"}],"replies":[{"embeddable":true,"href":"https:\/\/inteliza.com\/fr\/wp-json\/wp\/v2\/comments?post=949"}],"version-history":[{"count":12,"href":"https:\/\/inteliza.com\/fr\/wp-json\/wp\/v2\/pages\/949\/revisions"}],"predecessor-version":[{"id":1152,"href":"https:\/\/inteliza.com\/fr\/wp-json\/wp\/v2\/pages\/949\/revisions\/1152"}],"wp:attachment":[{"href":"https:\/\/inteliza.com\/fr\/wp-json\/wp\/v2\/media?parent=949"}],"wp:term":[{"taxonomy":"post_tag","embeddable":true,"href":"https:\/\/inteliza.com\/fr\/wp-json\/wp\/v2\/tags?post=949"}],"curies":[{"name":"wp","href":"https:\/\/api.w.org\/{rel}","templated":true}]}}