{"id":928,"date":"2019-05-14T20:42:27","date_gmt":"2019-05-14T18:42:27","guid":{"rendered":"https:\/\/inteliza.com\/?page_id=928"},"modified":"2019-05-18T18:58:09","modified_gmt":"2019-05-18T16:58:09","slug":"portails-web","status":"publish","type":"page","link":"https:\/\/inteliza.com\/fr\/portails-web\/","title":{"rendered":"Portails Web"},"content":{"rendered":"<h2 style=\"text-align: center;\">Si vous avez un site Web professionnel en t\u00eate, <br \/>qui ressemble plus \u00e0 un \u00ab\u00a0logiciel en ligne\u00a0\u00bb<br \/>&#8211; c&rsquo;est ce que nous faisons<\/h2>\n<p>\u00a0<\/p>\n<p>Portails Web et sites Web complexes: bien que nous utilisions WordPress comme moteur de d\u00e9veloppement de sites Web, nous construisons tout \u00e0 partir de z\u00e9ro. Nous cr\u00e9ons une conception WordPress personnalis\u00e9e \u00e0 partir de z\u00e9ro et construisons un nouveau site responsive sur une feuille vierge. Notre \u00e9quipe prend en charge les projets de portail Web qui n\u00e9cessitent des solutions intelligentes et esth\u00e9tiques. Les clients qui nous choisissent ont g\u00e9n\u00e9ralement d\u00e9j\u00e0 une grande exp\u00e9rience num\u00e9rique et avec des sites Web, et des id\u00e9es sur les raisons pour lesquelles ils veulent \u00e9voluer. Ils nous ont choisis parce qu&rsquo;ils savent maintenant ce que leur site Web pourrait faire pour eux avec des fonctions automatis\u00e9es au quotidien. Ils ont besoin de programmeurs, pas seulement de concepteurs.<\/p>\n<h3>Custom WordPress design with value added functions<\/h3>\n<p>If you&rsquo;re into images and examples, we have some website development <a href=\"https:\/\/inteliza.com\/work\/\">examples in our works section<\/a>. Please visit and browse through them. If you would like to get a greater picture, or some inspiration on what you could get your website to do for you&#8230; here are some examples of common value added website functions:<\/p>\n","protected":false},"excerpt":{"rendered":"<p>Si vous avez un site Web professionnel en t\u00eate, qui ressemble plus \u00e0 un \u00ab\u00a0logiciel en ligne\u00a0\u00bb&#8211; c&rsquo;est ce que nous faisons \u00a0 Portails Web et sites Web complexes: bien que nous utilisions WordPress comme moteur de d\u00e9veloppement de sites Web, nous construisons tout \u00e0 partir de z\u00e9ro. Nous cr\u00e9ons une conception WordPress personnalis\u00e9e \u00e0 [&hellip;]<\/p>\n","protected":false},"author":1,"featured_media":0,"parent":0,"menu_order":2,"comment_status":"closed","ping_status":"closed","template":"page-templates\/page-application-websites.php","meta":{"_acf_changed":false,"footnotes":""},"tags":[41,40,42,35],"class_list":["post-928","page","type-page","status-publish","hentry","tag-developpement-de-logiciel","tag-developpement-de-portails","tag-programmation-de-startups","tag-wordpress-personnalise"],"acf":[],"_links":{"self":[{"href":"https:\/\/inteliza.com\/fr\/wp-json\/wp\/v2\/pages\/928","targetHints":{"allow":["GET"]}}],"collection":[{"href":"https:\/\/inteliza.com\/fr\/wp-json\/wp\/v2\/pages"}],"about":[{"href":"https:\/\/inteliza.com\/fr\/wp-json\/wp\/v2\/types\/page"}],"author":[{"embeddable":true,"href":"https:\/\/inteliza.com\/fr\/wp-json\/wp\/v2\/users\/1"}],"replies":[{"embeddable":true,"href":"https:\/\/inteliza.com\/fr\/wp-json\/wp\/v2\/comments?post=928"}],"version-history":[{"count":7,"href":"https:\/\/inteliza.com\/fr\/wp-json\/wp\/v2\/pages\/928\/revisions"}],"predecessor-version":[{"id":1150,"href":"https:\/\/inteliza.com\/fr\/wp-json\/wp\/v2\/pages\/928\/revisions\/1150"}],"wp:attachment":[{"href":"https:\/\/inteliza.com\/fr\/wp-json\/wp\/v2\/media?parent=928"}],"wp:term":[{"taxonomy":"post_tag","embeddable":true,"href":"https:\/\/inteliza.com\/fr\/wp-json\/wp\/v2\/tags?post=928"}],"curies":[{"name":"wp","href":"https:\/\/api.w.org\/{rel}","templated":true}]}}